{"id":133,"date":"2012-03-03T22:47:54","date_gmt":"2012-03-03T21:47:54","guid":{"rendered":"https:\/\/www.vpace.de\/blog\/?page_id=133"},"modified":"2021-12-09T17:01:45","modified_gmt":"2021-12-09T16:01:45","slug":"29er-carbon-rahmen","status":"publish","type":"page","link":"https:\/\/www.vpace.de\/blog\/29er-carbon-rahmen\/","title":{"rendered":"C1M &#8211; 29er Carbon Rahmen"},"content":{"rendered":"<p><a href=\"https:\/\/www.vpace.de\/blog\/wp-content\/uploads\/2012\/03\/vpace_c1-1m_29er_carbon-1.jpg\"><img loading=\"lazy\" class=\"alignnone wp-image-5846 size-large\" src=\"https:\/\/www.vpace.de\/blog\/wp-content\/uploads\/2012\/03\/vpace_c1-1m_29er_carbon-1-1600x1000.jpg\" alt=\"vpace_c1-1m_29er_carbon-rahmen\" width=\"900\" height=\"563\" srcset=\"https:\/\/www.vpace.de\/blog\/wp-content\/uploads\/2012\/03\/vpace_c1-1m_29er_carbon-1-1600x1000.jpg 1600w, https:\/\/www.vpace.de\/blog\/wp-content\/uploads\/2012\/03\/vpace_c1-1m_29er_carbon-1-900x563.jpg 900w, https:\/\/www.vpace.de\/blog\/wp-content\/uploads\/2012\/03\/vpace_c1-1m_29er_carbon-1-820x513.jpg 820w, https:\/\/www.vpace.de\/blog\/wp-content\/uploads\/2012\/03\/vpace_c1-1m_29er_carbon-1-600x375.jpg 600w, https:\/\/www.vpace.de\/blog\/wp-content\/uploads\/2012\/03\/vpace_c1-1m_29er_carbon-1.jpg 1800w\" sizes=\"(max-width: 900px) 100vw, 900px\" \/><\/a><\/p>\n<p>C1M 29er Carbon Rahmenset mit CFK Carbongabel in der Rahmengr\u00f6\u00dfe M &#8211; die Rahmenform ist noch aggressiver und flie\u00dfender geworden. Alle Z\u00fcge und Leitung sind nun vollintegriert im Rahmen untergebracht.<\/p>\n<p><a href=\"https:\/\/www.vpace.de\/blog\/wp-content\/uploads\/2012\/03\/vpace_c1-1m_29er_carbon-2.jpg\"><img loading=\"lazy\" class=\"alignnone wp-image-5847 size-medium\" src=\"https:\/\/www.vpace.de\/blog\/wp-content\/uploads\/2012\/03\/vpace_c1-1m_29er_carbon-2-820x513.jpg\" alt=\"vpace_c1-1m_29er_carbon-rahmen\" width=\"820\" height=\"513\" srcset=\"https:\/\/www.vpace.de\/blog\/wp-content\/uploads\/2012\/03\/vpace_c1-1m_29er_carbon-2-820x513.jpg 820w, https:\/\/www.vpace.de\/blog\/wp-content\/uploads\/2012\/03\/vpace_c1-1m_29er_carbon-2-900x563.jpg 900w, https:\/\/www.vpace.de\/blog\/wp-content\/uploads\/2012\/03\/vpace_c1-1m_29er_carbon-2-1600x1000.jpg 1600w, https:\/\/www.vpace.de\/blog\/wp-content\/uploads\/2012\/03\/vpace_c1-1m_29er_carbon-2-600x375.jpg 600w, https:\/\/www.vpace.de\/blog\/wp-content\/uploads\/2012\/03\/vpace_c1-1m_29er_carbon-2.jpg 1800w\" sizes=\"(max-width: 820px) 100vw, 820px\" \/><\/a><\/p>\n<p>Bew\u00e4hrte und zuverl\u00e4ssige Standards wie das BSA-Innenlager und die Schnellspanner-Ausfallenden bleiben f\u00fcr diese Modell erhalten.<\/p>\n<p><a href=\"https:\/\/www.vpace.de\/blog\/wp-content\/uploads\/2012\/03\/vpace_c1-1m_29er_carbon-13.jpg\"><img loading=\"lazy\" class=\"alignnone wp-image-5848 size-medium\" src=\"https:\/\/www.vpace.de\/blog\/wp-content\/uploads\/2012\/03\/vpace_c1-1m_29er_carbon-13-820x547.jpg\" alt=\"vpace_c1-1m_29er_carbon-rahmen\" width=\"820\" height=\"547\" srcset=\"https:\/\/www.vpace.de\/blog\/wp-content\/uploads\/2012\/03\/vpace_c1-1m_29er_carbon-13-820x547.jpg 820w, https:\/\/www.vpace.de\/blog\/wp-content\/uploads\/2012\/03\/vpace_c1-1m_29er_carbon-13-900x600.jpg 900w, https:\/\/www.vpace.de\/blog\/wp-content\/uploads\/2012\/03\/vpace_c1-1m_29er_carbon-13-1600x1067.jpg 1600w, https:\/\/www.vpace.de\/blog\/wp-content\/uploads\/2012\/03\/vpace_c1-1m_29er_carbon-13-600x400.jpg 600w, https:\/\/www.vpace.de\/blog\/wp-content\/uploads\/2012\/03\/vpace_c1-1m_29er_carbon-13.jpg 1800w\" sizes=\"(max-width: 820px) 100vw, 820px\" \/><\/a><\/p>\n<p>Die neue R\u00fcckenansicht des C1M 29er Carbon Rahmen &#8211; intern nennen wir ihn auch C1.1M 29er.<\/p>\n<table style=\"width: 660px;\" cellspacing=\"0\" border=\"0\">\n<tbody>\n<tr>\n<td width=\"180\" valign=\"top\" height=\"190\"><a class=\"ngg_lightbox\" title=\" \" href=\"https:\/\/www.vpace.de\/blog\/wp-content\/gallery\/c1-1m-29er-carbonrahmen\/vpace_c1-1m_29er_carbon-8.jpg\" data-image-id=\"962\" data-src=\"https:\/\/www.vpace.de\/blog\/wp-content\/gallery\/c1-1m-29er-carbonrahmen\/vpace_c1-1m_29er_carbon-8.jpg\" data-thumbnail=\"https:\/\/www.vpace.de\/blog\/wp-content\/gallery\/c1-1m-29er-carbonrahmen\/thumbs\/thumbs_vpace_c1-1m_29er_carbon-8.jpg\" data-title=\"vpace_c1-1m_29er_carbon-8\" data-description=\" \"><img class=\"ngg-singlepic ngg-left\" src=\"https:\/\/www.vpace.de\/blog\/wp-content\/gallery\/c1-1m-29er-carbonrahmen\/thumbs\/thumbs_vpace_c1-1m_29er_carbon-8.jpg\" alt=\"vpace_c1-1m_29er_carbon-8\"><\/a><a class=\"ngg_lightbox\" title=\" \" href=\"https:\/\/www.vpace.de\/blog\/wp-content\/gallery\/c1m-29er-vpace\/vpace_c1m_29er_04.jpg\" data-image-id=\"485\" data-src=\"https:\/\/www.vpace.de\/blog\/wp-content\/gallery\/c1m-29er-vpace\/vpace_c1m_29er_04.jpg\" data-thumbnail=\"https:\/\/www.vpace.de\/blog\/wp-content\/gallery\/c1m-29er-vpace\/thumbs\/thumbs_vpace_c1m_29er_04.jpg\" data-title=\"vpace_c1m_29er_04\" data-description=\" \">&nbsp;<\/a><\/td>\n<td width=\"484\" valign=\"top\">\n<h2>Sportliches Rahmendesign<\/h2>\n<p>Das Design des 29er Carbon Rahmen wurde auf das wesentliche reduziert. Das matte Finish verhilft dem Rahmen zu zeitloser und unaufgedrungener Eleganz. Kurze Kettenstreben von 445 mm, machen ihn zu einem der agilsten XC- und Marathon-Rahmen auf dem Markt.<\/td>\n<\/tr>\n<\/tbody>\n<\/table>\n<table style=\"width: 660px;\" cellspacing=\"0\" border=\"0\">\n<tbody>\n<tr>\n<td width=\"180\" valign=\"top\" height=\"190\"><a class=\"ngg_lightbox\" title=\" \" href=\"https:\/\/www.vpace.de\/blog\/wp-content\/gallery\/c1-1m-29er-carbonrahmen\/vpace_c1-1m_29er_carbon-10.jpg\" data-image-id=\"964\" data-src=\"https:\/\/www.vpace.de\/blog\/wp-content\/gallery\/c1-1m-29er-carbonrahmen\/vpace_c1-1m_29er_carbon-10.jpg\" data-thumbnail=\"https:\/\/www.vpace.de\/blog\/wp-content\/gallery\/c1-1m-29er-carbonrahmen\/thumbs\/thumbs_vpace_c1-1m_29er_carbon-10.jpg\" data-title=\"vpace_c1-1m_29er_carbon-10\" data-description=\" \"><img class=\"ngg-singlepic ngg-left\" src=\"https:\/\/www.vpace.de\/blog\/wp-content\/gallery\/c1-1m-29er-carbonrahmen\/thumbs\/thumbs_vpace_c1-1m_29er_carbon-10.jpg\" alt=\"vpace_c1-1m_29er_carbon-10\"><\/a><\/td>\n<td width=\"484\" valign=\"top\">\n<h2>Warum auch anders?<\/h2>\n<p>Die Postmount 160 Disc Aufnahme ist elegant im hinteren Rahmendreieck integriert und bew\u00e4hrte Schnellspanner Ausfallenden sorgen f\u00fcr h\u00f6chste Kompatibilit\u00e4t.<\/td>\n<\/tr>\n<\/tbody>\n<tbody>\n<tr>\n<td width=\"180\" valign=\"top\" height=\"190\">&nbsp;<a class=\"ngg_lightbox\" title=\" \" href=\"https:\/\/www.vpace.de\/blog\/wp-content\/gallery\/c1-1m-29er-carbonrahmen\/vpace_c1-1m_29er_carbon-3.jpg\" data-image-id=\"958\" data-src=\"https:\/\/www.vpace.de\/blog\/wp-content\/gallery\/c1-1m-29er-carbonrahmen\/vpace_c1-1m_29er_carbon-3.jpg\" data-thumbnail=\"https:\/\/www.vpace.de\/blog\/wp-content\/gallery\/c1-1m-29er-carbonrahmen\/thumbs\/thumbs_vpace_c1-1m_29er_carbon-3.jpg\" data-title=\"vpace_c1-1m_29er_carbon-3\" data-description=\" \"><img class=\"ngg-singlepic ngg-none\" src=\"https:\/\/www.vpace.de\/blog\/wp-content\/gallery\/c1-1m-29er-carbonrahmen\/thumbs\/thumbs_vpace_c1-1m_29er_carbon-3.jpg\" alt=\"vpace_c1-1m_29er_carbon-3\"><\/a><\/td>\n<td width=\"484\" valign=\"top\">\n<h2>Bew\u00e4hrte Standards<\/h2>\n<p>Weil wir wissen wie \u00e4rgerlich Spezialwerkzeug sein kann &#8211; wenn man es nicht hat &#8211; setzen wir auf den bew\u00e4hrten BSA Standard (73 mm) bei den Innenlagern &#8211; kein l\u00e4stiges Einpressen, keine Kompatibilit\u00e4tsprobleme.<\/td>\n<\/tr>\n<\/tbody>\n<\/table>\n<table style=\"width: 660px;\" cellspacing=\"0\" border=\"0\">\n<tbody>\n<tr>\n<td width=\"180\" valign=\"top\" height=\"190\"><a class=\"ngg_lightbox\" title=\" \" href=\"https:\/\/www.vpace.de\/blog\/wp-content\/gallery\/c1-1m-29er-carbonrahmen\/vpace_c1-1m_29er_carbon-6.jpg\" data-image-id=\"961\" data-src=\"https:\/\/www.vpace.de\/blog\/wp-content\/gallery\/c1-1m-29er-carbonrahmen\/vpace_c1-1m_29er_carbon-6.jpg\" data-thumbnail=\"https:\/\/www.vpace.de\/blog\/wp-content\/gallery\/c1-1m-29er-carbonrahmen\/thumbs\/thumbs_vpace_c1-1m_29er_carbon-6.jpg\" data-title=\"vpace_c1-1m_29er_carbon-6\" data-description=\" \"><img class=\"ngg-singlepic ngg-none\" src=\"https:\/\/www.vpace.de\/blog\/wp-content\/gallery\/c1-1m-29er-carbonrahmen\/thumbs\/thumbs_vpace_c1-1m_29er_carbon-6.jpg\" alt=\"vpace_c1-1m_29er_carbon-6\"><\/a><\/td>\n<td width=\"484\" valign=\"top\">\n<h2>Starkes Steuerrohr<\/h2>\n<p>Ein tapered Steuerrohr f\u00fcr eine steifen und direkten Rahmen. Alle namhaften Hersteller haben bereits Gabeln mit einem tapered Steuerrohr im Angebot, so auch wir mit der VPACE Carbon Starrgabel <a title=\"VPACE 29er Gabeln\" href=\"https:\/\/www.vpace.de\/zubehoer\/\">CFK<\/a>.<\/td>\n<\/tr>\n<\/tbody>\n<\/table>\n<table style=\"width: 660px;\" cellspacing=\"0\" border=\"0\">\n<tbody>\n<tr>\n<td width=\"180\" valign=\"top\" height=\"190\">&nbsp;<a class=\"ngg_lightbox\" title=\" \" href=\"https:\/\/www.vpace.de\/blog\/wp-content\/gallery\/c1m-29er-vpace\/vpace_c1m_29er_15.jpg\" data-image-id=\"496\" data-src=\"https:\/\/www.vpace.de\/blog\/wp-content\/gallery\/c1m-29er-vpace\/vpace_c1m_29er_15.jpg\" data-thumbnail=\"https:\/\/www.vpace.de\/blog\/wp-content\/gallery\/c1m-29er-vpace\/thumbs\/thumbs_vpace_c1m_29er_15.jpg\" data-title=\"vpace_c1m_29er_15\" data-description=\" \"><img loading=\"lazy\" class=\"ngg-singlepic ngg-none alignnone\" src=\"https:\/\/www.vpace.de\/blog\/wp-content\/gallery\/c1m-29er-vpace\/thumbs\/thumbs_vpace_c1m_29er_15.jpg\" alt=\"29er Carbon Starrgabel CFK\" width=\"150\" height=\"150\"><\/a><\/td>\n<td width=\"484\" valign=\"top\">\n<h2>Starr, schnell und leicht<\/h2>\n<p>Unsere <a title=\"VPACE 29er Gabeln\" href=\"https:\/\/www.vpace.de\/zubehoer\/\">Carbon Starrgabel CFK<\/a>&nbsp;bringt gegen\u00fcber einer Federgabel einen <strong>Gewichtsvorteil von \u00fcber einem Kilogramm<\/strong>. Besonders im gem\u00e4\u00dfigten Terrain und auf schnellen Strecken kann sie ihren Vorteil ausspielen und \u00fcberzeugt durch direkte und kompromisslose Kontrolle.<\/p>\n<p>Nat\u00fcrlich l\u00e4sst sich der Rahmen auch mit allen g\u00e4ngigen 100 mm Federgabeln best\u00fccken.<\/td>\n<\/tr>\n<\/tbody>\n<\/table>\n<h2>Spezifikationen<\/h2>\n<ul>\n<li>Steuersatz: integriert tapered 1.5&#8243; &#8211; 1 1\/8&#8243;<\/li>\n<li>Innenlager: BSA Standard 73 mm<\/li>\n<li>Disc Aufnahme: Postmount 160 mm<\/li>\n<li>Sattelst\u00fctzenma\u00df 31,6 mm (34,9 mm Klemme)<\/li>\n<li>72 mm Reifenfreiheit (tire clearance) an den Kettenstreben<\/li>\n<li>Rahmengewicht: 1200 Gramm<\/li>\n<li>BB drop 60 mm<\/li>\n<li>2 Flaschenhalter Montagem\u00f6glichkeiten<\/li>\n<li>inkl. Carbon-Chainsuck-Plate auf der Kettenstrebe<\/li>\n<li><span style=\"color: #ff0000;\"><strong>NEU!<\/strong><\/span> Vollintegrierte Zugf\u00fchrung<\/li>\n<\/ul>\n<h2><span style=\"color: #ff0000;\">Preise<\/span><\/h2>\n<ul>\n<li><strong><span style=\"color: #000000;\">VPACE C1M 29er Rahmen<\/span> &#8211; <span style=\"color: #ff0000;\">949 \u20ac<\/span><\/strong><\/li>\n<li>Rahmenset:<span style=\"color: #000000;\">&nbsp;<\/span><strong><span style=\"color: #000000;\">C1M Rahmen und CFK Carbongabel<\/span> &#8211; <span style=\"color: #ff0000;\">1.199 \u20ac<br \/>\n<\/span><\/strong><\/li>\n<\/ul>\n<p>Rahmen bzw. Rahmensets jeweils inkl. Steuerlager, ohne Klemme.<\/p>\n<h2><span style=\"color: #000000;\">Verf\u00fcgbarkeit<\/span><\/h2>\n<ul>\n<li>S &#8211; lagernd<\/li>\n<li>M &#8211; lagernd<\/li>\n<li>L &#8211; lagernd<\/li>\n<li>XL &#8211; lagernd<\/li>\n<\/ul>\n<h2>Geometrie<\/h2>\n<p>F\u00fcr alle Gr\u00f6\u00dfen gilt eine Kettenstrebenl\u00e4nge 445 mm und ein BB-Drop von 60 mm.<\/p>\n<table cellspacing=\"0\" cellpadding=\"2\" border=\"0\">\n<tbody>\n<tr>\n<td align=\"center\">\u2026 in mm<\/td>\n<td align=\"center\"><strong>Oberrohr<\/strong><\/td>\n<td align=\"center\"><strong>Steuerrohr<\/strong><\/td>\n<td align=\"center\"><strong>Sitzrohr<\/strong><\/td>\n<td align=\"center\"><strong>Reach<\/strong><\/td>\n<td align=\"center\"><strong>Stack<\/strong><\/td>\n<\/tr>\n<tr>\n<td align=\"center\">S (16\u2033)<\/td>\n<td align=\"center\">575<\/td>\n<td align=\"center\">102 @ 71\u00b0<\/td>\n<td align=\"center\">409 @ 73\u00b0<\/td>\n<td align=\"center\">384<\/td>\n<td align=\"center\">624<\/td>\n<\/tr>\n<tr>\n<td align=\"center\">M (17,5\u2033)<\/td>\n<td align=\"center\">595<\/td>\n<td align=\"center\">107 @ 71\u00b0<\/td>\n<td align=\"center\">447 @ 73\u00b0<\/td>\n<td align=\"center\">404<\/td>\n<td align=\"center\">626<\/td>\n<\/tr>\n<tr>\n<td align=\"center\">L (19\u2033)<\/td>\n<td align=\"center\">620<\/td>\n<td align=\"center\">117 @ 71\u00b0<\/td>\n<td align=\"center\">489 @ 73\u00b0<\/td>\n<td align=\"center\">425<\/td>\n<td align=\"center\">638<\/td>\n<\/tr>\n<tr>\n<td align=\"center\">XL (21\u2033)<\/td>\n<td align=\"center\">645<\/td>\n<td align=\"center\">132 @ 71\u00b0<\/td>\n<td align=\"center\">530 @ 73\u00b0<\/td>\n<td align=\"center\">446<\/td>\n<td align=\"center\">652<\/td>\n<\/tr>\n<\/tbody>\n<\/table>\n<p>* XX1 Kompatibilit\u00e4t bis 34 Z\u00e4hne<\/p>\n<h3>Komplettrad<\/h3>\n<p>Dein VPACE Traumrad stellen wir gerne nach deinem Wunsch zusammen und beraten bei der Wahl der Komponenten.&nbsp; Nat\u00fcrlich kann der C1M Rahmen mit jeder g\u00e4ngigen 100 mm Federgabel kombiniert und gefahren werden.<\/p>\n<h3>Weitere Detailaufnahmen unseres 29er Carbon Rahmen<\/h3>\n<p><span style=\"border-radius: 2px; text-indent: 20px; width: auto; padding: 0px 4px 0px 0px; text-align: center; font: bold 11px\/20px 'Helvetica Neue',Helvetica,sans-serif; color: #ffffff; background: #bd081c  no-repeat scroll 3px 50% \/ 14px 14px; position: absolute; opacity: 1; z-index: 8675309; display: none; cursor: pointer;\">Merken<\/span><\/p>\n","protected":false},"excerpt":{"rendered":"<p>C1M 29er Carbon Rahmenset mit CFK Carbongabel in der Rahmengr\u00f6\u00dfe M &#8211; die Rahmenform ist noch aggressiver und flie\u00dfender geworden. Alle Z\u00fcge und Leitung sind nun vollintegriert im Rahmen untergebracht. Bew\u00e4hrte und zuverl\u00e4ssige Standards wie das BSA-Innenlager und die Schnellspanner-Ausfallenden bleiben f\u00fcr diese Modell erhalten. Die neue R\u00fcckenansicht des C1M 29er Carbon Rahmen &#8211; intern [&hellip;]<\/p>\n","protected":false},"author":1,"featured_media":0,"parent":0,"menu_order":0,"comment_status":"closed","ping_status":"closed","template":"page-boxed.php","meta":[],"yoast_head":"<!-- This site is optimized with the Yoast SEO plugin v19.3 - https:\/\/yoast.com\/wordpress\/plugins\/seo\/ -->\n<title>C1M - 29er Carbon Rahmen | VPACE Mountainbikes und Rennrad<\/title>\n<meta name=\"description\" content=\"Leichter und schneller 29er Carbon Rahmen von VPACE - dazu erh\u00e4ltlich die leichte starre Carbongabel CFK.\" \/>\n<meta name=\"robots\" content=\"index, follow, max-snippet:-1, max-image-preview:large, max-video-preview:-1\" \/>\n<link rel=\"canonical\" href=\"https:\/\/www.vpace.de\/blog\/29er-carbon-rahmen\/\" \/>\n<meta name=\"twitter:label1\" content=\"Gesch\u00e4tzte Lesezeit\" \/>\n\t<meta name=\"twitter:data1\" content=\"2\u00a0Minuten\" \/>\n<script type=\"application\/ld+json\" class=\"yoast-schema-graph\">{\"@context\":\"https:\/\/schema.org\",\"@graph\":[{\"@type\":\"Organization\",\"@id\":\"https:\/\/www.vpace.de\/blog\/#organization\",\"name\":\"VPACE Bikes\",\"url\":\"https:\/\/www.vpace.de\/blog\/\",\"sameAs\":[\"https:\/\/instagram.com\/vpacebikes\/\",\"https:\/\/www.linkedin.com\/company\/9260374\",\"https:\/\/www.pinterest.com\/vpacebikes\/\",\"http:\/\/www.facebook.com\/vpacebikes\",\"https:\/\/twitter.com\/vpacebikes\"],\"logo\":{\"@type\":\"ImageObject\",\"inLanguage\":\"de\",\"@id\":\"https:\/\/www.vpace.de\/blog\/#\/schema\/logo\/image\/\",\"url\":\"https:\/\/www.vpace.de\/blog\/wp-content\/uploads\/2013\/11\/VPACE-Logo-redV.png\",\"contentUrl\":\"https:\/\/www.vpace.de\/blog\/wp-content\/uploads\/2013\/11\/VPACE-Logo-redV.png\",\"width\":1959,\"height\":336,\"caption\":\"VPACE Bikes\"},\"image\":{\"@id\":\"https:\/\/www.vpace.de\/blog\/#\/schema\/logo\/image\/\"}},{\"@type\":\"WebSite\",\"@id\":\"https:\/\/www.vpace.de\/blog\/#website\",\"url\":\"https:\/\/www.vpace.de\/blog\/\",\"name\":\"VPACE Bikes\",\"description\":\"Ride Unique!\",\"publisher\":{\"@id\":\"https:\/\/www.vpace.de\/blog\/#organization\"},\"potentialAction\":[{\"@type\":\"SearchAction\",\"target\":{\"@type\":\"EntryPoint\",\"urlTemplate\":\"https:\/\/www.vpace.de\/blog\/?s={search_term_string}\"},\"query-input\":\"required name=search_term_string\"}],\"inLanguage\":\"de\"},{\"@type\":\"ImageObject\",\"inLanguage\":\"de\",\"@id\":\"https:\/\/www.vpace.de\/blog\/29er-carbon-rahmen\/#primaryimage\",\"url\":\"https:\/\/www.vpace.de\/blog\/wp-content\/uploads\/2012\/03\/vpace_c1-1m_29er_carbon-1.jpg\",\"contentUrl\":\"https:\/\/www.vpace.de\/blog\/wp-content\/uploads\/2012\/03\/vpace_c1-1m_29er_carbon-1.jpg\",\"width\":1800,\"height\":1125},{\"@type\":\"WebPage\",\"@id\":\"https:\/\/www.vpace.de\/blog\/29er-carbon-rahmen\/\",\"url\":\"https:\/\/www.vpace.de\/blog\/29er-carbon-rahmen\/\",\"name\":\"C1M - 29er Carbon Rahmen | VPACE Mountainbikes und Rennrad\",\"isPartOf\":{\"@id\":\"https:\/\/www.vpace.de\/blog\/#website\"},\"primaryImageOfPage\":{\"@id\":\"https:\/\/www.vpace.de\/blog\/29er-carbon-rahmen\/#primaryimage\"},\"datePublished\":\"2012-03-03T21:47:54+00:00\",\"dateModified\":\"2021-12-09T16:01:45+00:00\",\"description\":\"Leichter und schneller 29er Carbon Rahmen von VPACE - dazu erh\u00e4ltlich die leichte starre Carbongabel CFK.\",\"breadcrumb\":{\"@id\":\"https:\/\/www.vpace.de\/blog\/29er-carbon-rahmen\/#breadcrumb\"},\"inLanguage\":\"de\",\"potentialAction\":[{\"@type\":\"ReadAction\",\"target\":[\"https:\/\/www.vpace.de\/blog\/29er-carbon-rahmen\/\"]}]},{\"@type\":\"BreadcrumbList\",\"@id\":\"https:\/\/www.vpace.de\/blog\/29er-carbon-rahmen\/#breadcrumb\",\"itemListElement\":[{\"@type\":\"ListItem\",\"position\":1,\"name\":\"Home\",\"item\":\"https:\/\/www.vpace.de\/blog\/\"},{\"@type\":\"ListItem\",\"position\":2,\"name\":\"C1M &#8211; 29er Carbon Rahmen\"}]}]}<\/script>\n<!-- \/ Yoast SEO plugin. -->","yoast_head_json":{"title":"C1M - 29er Carbon Rahmen | VPACE Mountainbikes und Rennrad","description":"Leichter und schneller 29er Carbon Rahmen von VPACE - dazu erh\u00e4ltlich die leichte starre Carbongabel CFK.","robots":{"index":"index","follow":"follow","max-snippet":"max-snippet:-1","max-image-preview":"max-image-preview:large","max-video-preview":"max-video-preview:-1"},"canonical":"https:\/\/www.vpace.de\/blog\/29er-carbon-rahmen\/","twitter_misc":{"Gesch\u00e4tzte Lesezeit":"2\u00a0Minuten"},"schema":{"@context":"https:\/\/schema.org","@graph":[{"@type":"Organization","@id":"https:\/\/www.vpace.de\/blog\/#organization","name":"VPACE Bikes","url":"https:\/\/www.vpace.de\/blog\/","sameAs":["https:\/\/instagram.com\/vpacebikes\/","https:\/\/www.linkedin.com\/company\/9260374","https:\/\/www.pinterest.com\/vpacebikes\/","http:\/\/www.facebook.com\/vpacebikes","https:\/\/twitter.com\/vpacebikes"],"logo":{"@type":"ImageObject","inLanguage":"de","@id":"https:\/\/www.vpace.de\/blog\/#\/schema\/logo\/image\/","url":"https:\/\/www.vpace.de\/blog\/wp-content\/uploads\/2013\/11\/VPACE-Logo-redV.png","contentUrl":"https:\/\/www.vpace.de\/blog\/wp-content\/uploads\/2013\/11\/VPACE-Logo-redV.png","width":1959,"height":336,"caption":"VPACE Bikes"},"image":{"@id":"https:\/\/www.vpace.de\/blog\/#\/schema\/logo\/image\/"}},{"@type":"WebSite","@id":"https:\/\/www.vpace.de\/blog\/#website","url":"https:\/\/www.vpace.de\/blog\/","name":"VPACE Bikes","description":"Ride Unique!","publisher":{"@id":"https:\/\/www.vpace.de\/blog\/#organization"},"potentialAction":[{"@type":"SearchAction","target":{"@type":"EntryPoint","urlTemplate":"https:\/\/www.vpace.de\/blog\/?s={search_term_string}"},"query-input":"required name=search_term_string"}],"inLanguage":"de"},{"@type":"ImageObject","inLanguage":"de","@id":"https:\/\/www.vpace.de\/blog\/29er-carbon-rahmen\/#primaryimage","url":"https:\/\/www.vpace.de\/blog\/wp-content\/uploads\/2012\/03\/vpace_c1-1m_29er_carbon-1.jpg","contentUrl":"https:\/\/www.vpace.de\/blog\/wp-content\/uploads\/2012\/03\/vpace_c1-1m_29er_carbon-1.jpg","width":1800,"height":1125},{"@type":"WebPage","@id":"https:\/\/www.vpace.de\/blog\/29er-carbon-rahmen\/","url":"https:\/\/www.vpace.de\/blog\/29er-carbon-rahmen\/","name":"C1M - 29er Carbon Rahmen | VPACE Mountainbikes und Rennrad","isPartOf":{"@id":"https:\/\/www.vpace.de\/blog\/#website"},"primaryImageOfPage":{"@id":"https:\/\/www.vpace.de\/blog\/29er-carbon-rahmen\/#primaryimage"},"datePublished":"2012-03-03T21:47:54+00:00","dateModified":"2021-12-09T16:01:45+00:00","description":"Leichter und schneller 29er Carbon Rahmen von VPACE - dazu erh\u00e4ltlich die leichte starre Carbongabel CFK.","breadcrumb":{"@id":"https:\/\/www.vpace.de\/blog\/29er-carbon-rahmen\/#breadcrumb"},"inLanguage":"de","potentialAction":[{"@type":"ReadAction","target":["https:\/\/www.vpace.de\/blog\/29er-carbon-rahmen\/"]}]},{"@type":"BreadcrumbList","@id":"https:\/\/www.vpace.de\/blog\/29er-carbon-rahmen\/#breadcrumb","itemListElement":[{"@type":"ListItem","position":1,"name":"Home","item":"https:\/\/www.vpace.de\/blog\/"},{"@type":"ListItem","position":2,"name":"C1M &#8211; 29er Carbon Rahmen"}]}]}},"_links":{"self":[{"href":"https:\/\/www.vpace.de\/blog\/wp-json\/wp\/v2\/pages\/133"}],"collection":[{"href":"https:\/\/www.vpace.de\/blog\/wp-json\/wp\/v2\/pages"}],"about":[{"href":"https:\/\/www.vpace.de\/blog\/wp-json\/wp\/v2\/types\/page"}],"author":[{"embeddable":true,"href":"https:\/\/www.vpace.de\/blog\/wp-json\/wp\/v2\/users\/1"}],"replies":[{"embeddable":true,"href":"https:\/\/www.vpace.de\/blog\/wp-json\/wp\/v2\/comments?post=133"}],"version-history":[{"count":291,"href":"https:\/\/www.vpace.de\/blog\/wp-json\/wp\/v2\/pages\/133\/revisions"}],"predecessor-version":[{"id":46958,"href":"https:\/\/www.vpace.de\/blog\/wp-json\/wp\/v2\/pages\/133\/revisions\/46958"}],"wp:attachment":[{"href":"https:\/\/www.vpace.de\/blog\/wp-json\/wp\/v2\/media?parent=133"}],"curies":[{"name":"wp","href":"https:\/\/api.w.org\/{rel}","templated":true}]}}