{"id":1453,"date":"2013-01-02T14:17:35","date_gmt":"2013-01-02T13:17:35","guid":{"rendered":"https:\/\/www.vpace.de\/blog\/?page_id=1453"},"modified":"2021-12-09T12:36:29","modified_gmt":"2021-12-09T11:36:29","slug":"t1st-speedtraveller-titan-randonneur","status":"publish","type":"page","link":"https:\/\/www.vpace.de\/blog\/t1st-speedtraveller-titan-randonneur\/","title":{"rendered":"T1ST &#8211; Disc Titan Randonneur"},"content":{"rendered":"<p>Der T1ST ist tats\u00e4chlich unsere eierlegende Wollmilchsau und somit auch eines unserer beliebtesten Modelle. In diesen Titanrahmen haben wir das Beste aus Rennrad- und Cyclcross-Geometrien vereint und so einen agilen, vielseitigen und sportlichen Trainingspartner erschaffen. <a href=\"https:\/\/www.vpace.de\/blog\/tag\/t1st\/\">HIER<\/a> findet ihr ein sch\u00f6ne \u00dcbersicht zu Komplettr\u00e4dern, als Inspiration zu eurem T1ST Projekt.<\/p>\n<p><a href=\"https:\/\/www.vpace.de\/blog\/wp-content\/uploads\/2014\/04\/vpace_T1ST-Titan-Randonneur_ISP-1.jpg\"><img loading=\"lazy\" class=\"alignnone wp-image-3388 size-medium\" src=\"https:\/\/www.vpace.de\/blog\/wp-content\/uploads\/2014\/04\/vpace_T1ST-Titan-Randonneur_ISP-1-820x513.jpg\" alt=\"vpace_T1ST-Titan-Randonneur_ISP-1\" width=\"820\" height=\"513\" srcset=\"https:\/\/www.vpace.de\/blog\/wp-content\/uploads\/2014\/04\/vpace_T1ST-Titan-Randonneur_ISP-1-820x513.jpg 820w, https:\/\/www.vpace.de\/blog\/wp-content\/uploads\/2014\/04\/vpace_T1ST-Titan-Randonneur_ISP-1-900x563.jpg 900w, https:\/\/www.vpace.de\/blog\/wp-content\/uploads\/2014\/04\/vpace_T1ST-Titan-Randonneur_ISP-1.jpg 1600w, https:\/\/www.vpace.de\/blog\/wp-content\/uploads\/2014\/04\/vpace_T1ST-Titan-Randonneur_ISP-1-600x375.jpg 600w\" sizes=\"(max-width: 820px) 100vw, 820px\" \/><\/a><\/p>\n<p>Titan Randonneur mit Komplettausstattung und integrierter Sattelst\u00fctze (Gr\u00f6\u00dfe S, ISP gegen Aufpreis)<\/p>\n<p><a href=\"https:\/\/www.vpace.de\/blog\/wp-content\/uploads\/2014\/03\/vpace_T1ST_randonneur_xs-2.jpg\"><img loading=\"lazy\" class=\"alignnone wp-image-3007 size-medium\" style=\"border: 5px solid white;\" src=\"https:\/\/www.vpace.de\/blog\/wp-content\/uploads\/2014\/03\/vpace_T1ST_randonneur_xs-2-820x513.jpg\" alt=\"vpace_T1ST_randonneur_xs-2\" width=\"820\" height=\"513\" srcset=\"https:\/\/www.vpace.de\/blog\/wp-content\/uploads\/2014\/03\/vpace_T1ST_randonneur_xs-2-820x513.jpg 820w, https:\/\/www.vpace.de\/blog\/wp-content\/uploads\/2014\/03\/vpace_T1ST_randonneur_xs-2-900x563.jpg 900w, https:\/\/www.vpace.de\/blog\/wp-content\/uploads\/2014\/03\/vpace_T1ST_randonneur_xs-2.jpg 1600w, https:\/\/www.vpace.de\/blog\/wp-content\/uploads\/2014\/03\/vpace_T1ST_randonneur_xs-2-600x375.jpg 600w\" sizes=\"(max-width: 820px) 100vw, 820px\" \/><\/a><\/p>\n<p>Auch f\u00fcr kleine Menschen eine sehr elegante L\u00f6sung: der T1ST in der Rahmengr\u00f6\u00dfe <a title=\"T1ST Titan Randonneur \u2013 Speedtraveller XS\" href=\"https:\/\/www.vpace.de\/t1st-titan-randonneur-speedtraveller-xs\/\">XS<\/a> und Vollausstattung.<\/p>\n<p><a href=\"https:\/\/www.vpace.de\/blog\/wp-content\/uploads\/2013\/01\/P1090753.jpg\"><img loading=\"lazy\" class=\"alignnone wp-image-2020 size-medium\" style=\"border: 5px solid white;\" src=\"https:\/\/www.vpace.de\/blog\/wp-content\/uploads\/2013\/01\/P1090753-820x513.jpg\" alt=\"T1ST Randonneur v2\" width=\"820\" height=\"513\" srcset=\"https:\/\/www.vpace.de\/blog\/wp-content\/uploads\/2013\/01\/P1090753-820x513.jpg 820w, https:\/\/www.vpace.de\/blog\/wp-content\/uploads\/2013\/01\/P1090753-900x563.jpg 900w, https:\/\/www.vpace.de\/blog\/wp-content\/uploads\/2013\/01\/P1090753.jpg 1600w, https:\/\/www.vpace.de\/blog\/wp-content\/uploads\/2013\/01\/P1090753-600x375.jpg 600w\" sizes=\"(max-width: 820px) 100vw, 820px\" \/><\/a><\/p>\n<p><span style=\"color: #ff0000;\"><strong>NEU!<\/strong><\/span> Die Postmount-Disc Aufnahme befindet sich nun gesch\u00fctzt auf der Kettenstrebe und bietet gen\u00fcgend Raum f\u00fcr Schutzbleche und Gep\u00e4cktr\u00e4ger. Die Bremsleitung l\u00e4uft nun auch elegant im Unterrohr integriert.<\/p>\n<p><a href=\"https:\/\/www.vpace.de\/blog\/wp-content\/uploads\/2014\/03\/vpace_t1st_gravel-grinder-1.jpg\"><img loading=\"lazy\" class=\"alignnone wp-image-3146 size-medium\" style=\"border: 5px solid white;\" src=\"https:\/\/www.vpace.de\/blog\/wp-content\/uploads\/2014\/03\/vpace_t1st_gravel-grinder-1-820x513.jpg\" alt=\"vpace_t1st_gravel-grinder-1\" width=\"820\" height=\"513\" srcset=\"https:\/\/www.vpace.de\/blog\/wp-content\/uploads\/2014\/03\/vpace_t1st_gravel-grinder-1-820x513.jpg 820w, https:\/\/www.vpace.de\/blog\/wp-content\/uploads\/2014\/03\/vpace_t1st_gravel-grinder-1-900x563.jpg 900w, https:\/\/www.vpace.de\/blog\/wp-content\/uploads\/2014\/03\/vpace_t1st_gravel-grinder-1.jpg 1600w, https:\/\/www.vpace.de\/blog\/wp-content\/uploads\/2014\/03\/vpace_t1st_gravel-grinder-1-600x375.jpg 600w\" sizes=\"(max-width: 820px) 100vw, 820px\" \/><\/a><\/p>\n<p>Monstr\u00f6s: der T1ST als Langstrecken-Staubpisten-Renner mit lackierter Carbongabel &#8211; <a title=\"T1ST Titan Gravel Grinder\" href=\"https:\/\/www.vpace.de\/titan-gravel-grinder\/\">Gravel Grinder<\/a><\/p>\n<table style=\"width: 660px;\" cellspacing=\"0\" border=\"0\">\n<tbody>\n<tr>\n<td width=\"180\" valign=\"top\" height=\"190\">&nbsp;<a href=\"https:\/\/www.vpace.de\/blog\/wp-content\/gallery\/t1st-ultegra\/p1090739.jpg\" rel=\"prettyPhoto\"><img loading=\"lazy\" class=\"alignnone size-thumbnail wp-image-1488\" style=\"border: 5px solid white;\" title=\"konisches Steuerohr und tapered Gabel\" src=\"https:\/\/www.vpace.de\/blog\/wp-content\/gallery\/t1st-ultegra\/thumbs\/thumbs_p1090739.jpg\" alt=\"konisches Steuerohr und tapered Gabel\" width=\"150\" height=\"150\"><\/a><\/td>\n<td width=\"484\" valign=\"top\">\n<h2>konisches Steuerrohr<\/h2>\n<p>Unsere Titan Rahmen sind satiniert und betonen so die Hochwertigkeit des Werkstoffes Titan. Das konischem Steuerrohr f\u00e4ngt die Kr\u00e4fte der Scheibenbremse elegant auf &#8211; auf Wunsch auch mit passender Gabel erh\u00e4ltlich.<\/td>\n<\/tr>\n<\/tbody>\n<\/table>\n<table style=\"width: 660px;\" cellspacing=\"0\" border=\"0\">\n<tbody>\n<tr>\n<td width=\"180\" valign=\"top\" height=\"190\">&nbsp;<a href=\"https:\/\/www.vpace.de\/blog\/wp-content\/gallery\/t1st-gravel-grinder\/vpace_t1st_gravel-grinder-13.jpg\" rel=\"prettyPhoto\"><img loading=\"lazy\" class=\"alignnone size-thumbnail wp-image-1486\" style=\"border: 5px solid white;\" title=\"BSA Lager und ausreichend Reifenfreiheit\" src=\"https:\/\/www.vpace.de\/blog\/wp-content\/gallery\/t1st-gravel-grinder\/thumbs\/thumbs_vpace_t1st_gravel-grinder-13.jpg\" alt=\"BSA Lager und ausreichend Reifenfreiheit\" width=\"150\" height=\"150\"><\/a><\/td>\n<td width=\"484\" valign=\"top\">\n<h2>Standardisiert und vielseitig<\/h2>\n<p>Standard BSA Innenlager wie sie von jeder Werkstatt eingesetzt werden, sorgen f\u00fcr frustfreien Aufbau. Durch die erh\u00f6hte Reifenfreiheit von bis zu 45 mm kann der Rahmen auch als Crosser benutzt werden &#8211; \u00d6sen f\u00fcr Schutzbleche und Gep\u00e4cktr\u00e4ger sind bereits vorhanden.<\/td>\n<\/tr>\n<\/tbody>\n<\/table>\n<table style=\"width: 660px;\" cellspacing=\"0\" border=\"0\">\n<tbody>\n<tr>\n<td width=\"180\" valign=\"top\" height=\"190\">&nbsp;<a href=\"https:\/\/www.vpace.de\/blog\/wp-content\/gallery\/t1st-titan-randonneur-xs\/vpace_T1ST_randonneur_xs-7.jpg\" rel=\"prettyPhoto\"><img loading=\"lazy\" class=\"alignnone size-thumbnail wp-image-1485\" style=\"border: 5px solid white;\" title=\"austauschbares Titan Schaltauge\" src=\"https:\/\/www.vpace.de\/blog\/wp-content\/gallery\/t1st-titan-randonneur-xs\/thumbs\/thumbs_vpace_T1ST_randonneur_xs-7.jpg\" alt=\"austauschbares Titan Schaltauge\" width=\"150\" height=\"150\"><\/a><\/td>\n<td width=\"484\" valign=\"top\">\n<h2>Austauschbar<\/h2>\n<p>F\u00fcr h\u00f6chsten Schutz verf\u00fcgt der Rahmen \u00fcber ein austauschbares Titan-Schaltaugen, das an den eleganten Sitzstreben sitzt.Der Hinterbau verf\u00fcgt \u00fcber eine Aufnahme von 135 mm Disc-Naben.<\/td>\n<\/tr>\n<\/tbody>\n<\/table>\n<table style=\"width: 660px;\" cellspacing=\"0\" border=\"0\">\n<tbody>\n<tr>\n<td width=\"180\" valign=\"top\" height=\"190\">&nbsp;<a href=\"https:\/\/www.vpace.de\/blog\/wp-content\/gallery\/t1st-titan-randonneur-xs\/vpace_T1ST_randonneur_xs-22.jpg\" rel=\"prettyPhoto\"><img loading=\"lazy\" class=\"alignnone size-thumbnail wp-image-1484\" style=\"border: 5px solid white;\" title=\"Titan Postmount Disc Aufnahme\" src=\"https:\/\/www.vpace.de\/blog\/wp-content\/gallery\/t1st-titan-randonneur-xs\/thumbs\/thumbs_vpace_T1ST_randonneur_xs-22.jpg\" alt=\"Titan Postmount Disc Aufnahme\" width=\"150\" height=\"150\"><\/a><\/td>\n<td width=\"484\" valign=\"top\">\n<h2>Postmount Disc Aufnahme<\/h2>\n<p>Unsere elegante Postmount Scheibenbremsen Aufnahme ist f\u00fcr 160 mm Bremsscheiben ausgelegt. Dadurch bleibt auch bei langen Abfahrten ein sicheres Bremsgef\u00fchl erhalten.<\/p>\n<p><strong>NEU!<\/strong> Wir haben die Postmount-Aufnahme auf die Kettenstrebe versetzt und erhalten dadurch gen\u00fcgen Raum f\u00fcr Gep\u00e4cktr\u00e4ger und Schutzbleche.<\/td>\n<\/tr>\n<\/tbody>\n<\/table>\n<table style=\"width: 660px;\" cellspacing=\"0\" border=\"0\">\n<tbody>\n<tr>\n<td width=\"180\" valign=\"top\" height=\"190\">\n<h2><a href=\"https:\/\/www.vpace.de\/blog\/wp-content\/gallery\/t1st-titan-randonneur-xs\/vpace_T1ST_randonneur_xs-24.jpg\" rel=\"prettyPhoto\"><img loading=\"lazy\" class=\"alignnone size-thumbnail wp-image-1413\" style=\"border: 5px solid white;\" title=\"Titan Sattelklemme und Sattelt\u00fctze 27,2 mm\" src=\"https:\/\/www.vpace.de\/blog\/wp-content\/gallery\/t1st-titan-randonneur-xs\/thumbs\/thumbs_vpace_T1ST_randonneur_xs-24.jpg\" alt=\"Titan Sattelklemme und Sattelt\u00fctze 27,2 mm\" width=\"150\" height=\"150\"><\/a><\/h2>\n<\/td>\n<td width=\"484\" valign=\"top\">\n<h2>Titan Komponenten &#8222;on top&#8220;<\/h2>\n<p>F\u00fcr ein hohes Ma\u00df an Komfort statten wir den Rahmen mit einem 27,2 mm Sattelst\u00fctzenma\u00df aus. Auf Wunsch k\u00f6nnen bei uns abgestimmte Sattelst\u00fctzen (27,2 mm) und Sattelklemmen aus Titan bestellt werden.<\/td>\n<\/tr>\n<\/tbody>\n<\/table>\n<h2>Spezifikationen<\/h2>\n<ul>\n<li>Innenlager: Standard BSA 68 mm<\/li>\n<li>27,2 mm Sattelst\u00fctzenma\u00df<\/li>\n<li>austauschbares Titan-Schaltauge<\/li>\n<li>Steuersatz voll integriert 1 1\/8 &#8211; 1 1\/2<\/li>\n<li>Rahmengewicht: ca. 1.590 gr (tapered, M)<\/li>\n<li>Reifenfreiheit ca. 50 mm<\/li>\n<li>135 mm Nabenbreite Hinterbau<\/li>\n<li>Tretlagerabsenkung (BB-drop) 70 mm &#8211; f\u00fcr mehr Stabilit\u00e4t auch bei hohen Geschwindigkeiten<\/li>\n<li>Einbauh\u00f6he Gabel 400 mm<\/li>\n<li>Kettenstreben-L\u00e4nge 430 mm<\/li>\n<li>Bohrungen f\u00fcr Lichtanlage bereits integriert<\/li>\n<li>Umwerfer Top Pull, z.B. CX 70 von Shimano<\/li>\n<\/ul>\n<h2><span style=\"color: #ff0000;\">Preise<br \/>\n<\/span><\/h2>\n<ul>\n<li><strong>T1ST Rahmen,<\/strong> mit konischem Steuerrohr (tapered 1 1\/8 &#8211; 1,5&#8243;) &#8211; <span style=\"color: #ff0000;\"><strong>1.390 \u20ac<\/strong><\/span><\/li>\n<li><strong>T1ST Rahmen,<\/strong> mit oversize 44 mm Steuerrohr &#8211; <span style=\"color: #ff0000;\"><strong>1.390 \u20ac<\/strong><\/span><\/li>\n<li><a href=\"https:\/\/www.vpace.de\/produkt\/cafk-cyclocross-carbongabel-aluschaft\/\">VPACE CAFK Carbongabel<\/a> (UD-Carbon matt), Postmount 160 mm,&nbsp; tapered Aluschaft (ca. 750 g ungek\u00fcrzt) &#8211; <strong>250&nbsp; \u20ac<\/strong><\/li>\n<li><a href=\"https:\/\/www.vpace.de\/produkt\/tfcx-tapered-cyclocross-titangabel\/\">VPACE TFCX Titangabel, <\/a>Postmount 160 mm,&nbsp; tapered 56 mm Gabelkrone, (ca. 680 g ungek\u00fcrzt) &#8211; <strong>459 &#8211; 499&nbsp; \u20ac<\/strong><\/li>\n<li>Titan Sattelst\u00fctze, 27,2 mm, ohne Versatz &#8211; <strong>120 \u20ac<\/strong><\/li>\n<li><span style=\"color: #ff0000;\"><strong>Preis f\u00fcr weitere Titan-Bauteile auf Anfrage<\/strong><br \/>\n<\/span><\/li>\n<\/ul>\n<h2>Bestellen<\/h2>\n<p>Den T1ST Titanrahmen direkt <a href=\"https:\/\/www.vpace.de\/produkt\/t1st-titanrahmen\/\">hier in unserem Shop<\/a> bestellen<\/p>\n<h2>Geometrie<\/h2>\n<p>F\u00fcr alle Gr\u00f6\u00dfen gilt: Kettenstrebenl\u00e4nge: 430 mm, Tretlagerabsenkung BB-drop: 70 mm<\/p>\n<table style=\"width: 820px;\" cellspacing=\"0\" cellpadding=\"2\" border=\"0\">\n<tbody>\n<tr style=\"background-color: #f5f5f5;\">\n<td align=\"center\"><span style=\"color: #c0c0c0;\">&#8230; in mm<\/span><\/td>\n<td align=\"center\"><span style=\"color: #000000;\"><strong>Oberrohr<\/strong><\/span><\/td>\n<td align=\"center\"><span style=\"color: #000000;\"><strong>Steuerrohr<\/strong><\/span><\/td>\n<td align=\"center\"><span style=\"color: #000000;\"><strong>Sitzrohr (C-T)<br \/>\n<\/strong><\/span><\/td>\n<td align=\"center\"><span style=\"color: #000000;\"><strong>Gabel rake<br \/>\n<\/strong><\/span><\/td>\n<\/tr>\n<tr>\n<td align=\"center\">XS \/ 50<\/td>\n<td align=\"center\">510<\/td>\n<td align=\"center\">150 @ 72,5\u00b0<\/td>\n<td align=\"center\">500 @ 73,5\u00b0<\/td>\n<td align=\"center\">50<\/td>\n<\/tr>\n<tr>\n<td align=\"center\">S \/ 54<\/td>\n<td align=\"center\">535<\/td>\n<td align=\"center\">150 @ 71\u00b0<\/td>\n<td align=\"center\">540 @ 73\u00b0<\/td>\n<td align=\"center\">50<\/td>\n<\/tr>\n<tr style=\"background-color: #ffffff;\">\n<td align=\"center\">M \/ 57<\/td>\n<td align=\"center\">565<\/td>\n<td align=\"center\">175 @ 72\u00b0<\/td>\n<td align=\"center\">570 @ 73\u00b0<\/td>\n<td align=\"center\">45\/50<\/td>\n<\/tr>\n<tr>\n<td align=\"center\">L \/ 60<\/td>\n<td align=\"center\">585<\/td>\n<td align=\"center\">185 @ 73\u00b0<\/td>\n<td align=\"center\">600 @ 73\u00b0<\/td>\n<td align=\"center\">45<\/td>\n<\/tr>\n<tr style=\"background-color: #ffffff;\">\n<td align=\"center\">XL \/ 63<\/td>\n<td align=\"center\">600<\/td>\n<td align=\"center\">210 @ 73\u00b0<\/td>\n<td align=\"center\">630@ 73\u00b0<\/td>\n<td align=\"center\">45<\/td>\n<\/tr>\n<\/tbody>\n<\/table>\n<p><span style=\"border-radius: 2px; text-indent: 20px; width: auto; padding: 0px 4px 0px 0px; text-align: center; font: bold 11px\/20px 'Helvetica Neue',Helvetica,sans-serif; color: #ffffff; background: #bd081c no-repeat scroll 3px 50% \/ 14px 14px; position: absolute; opacity: 1; z-index: 8675309; display: none; cursor: pointer;\">Merken<\/span><\/p>\n","protected":false},"excerpt":{"rendered":"<p>Der T1ST ist tats\u00e4chlich unsere eierlegende Wollmilchsau und somit auch eines unserer beliebtesten Modelle. In diesen Titanrahmen haben wir das Beste aus Rennrad- und Cyclcross-Geometrien vereint und so einen agilen, vielseitigen und sportlichen Trainingspartner erschaffen. HIER findet ihr ein sch\u00f6ne \u00dcbersicht zu Komplettr\u00e4dern, als Inspiration zu eurem T1ST Projekt. Titan Randonneur mit Komplettausstattung und integrierter [&hellip;]<\/p>\n","protected":false},"author":1,"featured_media":0,"parent":0,"menu_order":0,"comment_status":"open","ping_status":"closed","template":"page-boxed.php","meta":[],"yoast_head":"<!-- This site is optimized with the Yoast SEO plugin v19.3 - https:\/\/yoast.com\/wordpress\/plugins\/seo\/ -->\n<title>T1ST Speedtraveller - Disc Road-Cross Titan Randonneur - VPACE Bikes | Rahmen aus Carbon und Titan<\/title>\n<meta name=\"description\" content=\"T1ST Speedtraveller - Der vielseitigste Rahmen in der VPACE Familie. Als Cyclocross, zum winterlichen Stra\u00dfentraining oder als Titan Randonneur.\" \/>\n<meta name=\"robots\" content=\"index, follow, max-snippet:-1, max-image-preview:large, max-video-preview:-1\" \/>\n<link rel=\"canonical\" href=\"https:\/\/www.vpace.de\/blog\/t1st-speedtraveller-titan-randonneur\/\" \/>\n<meta name=\"twitter:label1\" content=\"Gesch\u00e4tzte Lesezeit\" \/>\n\t<meta name=\"twitter:data1\" content=\"2\u00a0Minuten\" \/>\n<script type=\"application\/ld+json\" class=\"yoast-schema-graph\">{\"@context\":\"https:\/\/schema.org\",\"@graph\":[{\"@type\":\"Organization\",\"@id\":\"https:\/\/www.vpace.de\/blog\/#organization\",\"name\":\"VPACE Bikes\",\"url\":\"https:\/\/www.vpace.de\/blog\/\",\"sameAs\":[\"https:\/\/instagram.com\/vpacebikes\/\",\"https:\/\/www.linkedin.com\/company\/9260374\",\"https:\/\/www.pinterest.com\/vpacebikes\/\",\"http:\/\/www.facebook.com\/vpacebikes\",\"https:\/\/twitter.com\/vpacebikes\"],\"logo\":{\"@type\":\"ImageObject\",\"inLanguage\":\"de\",\"@id\":\"https:\/\/www.vpace.de\/blog\/#\/schema\/logo\/image\/\",\"url\":\"https:\/\/www.vpace.de\/blog\/wp-content\/uploads\/2013\/11\/VPACE-Logo-redV.png\",\"contentUrl\":\"https:\/\/www.vpace.de\/blog\/wp-content\/uploads\/2013\/11\/VPACE-Logo-redV.png\",\"width\":1959,\"height\":336,\"caption\":\"VPACE Bikes\"},\"image\":{\"@id\":\"https:\/\/www.vpace.de\/blog\/#\/schema\/logo\/image\/\"}},{\"@type\":\"WebSite\",\"@id\":\"https:\/\/www.vpace.de\/blog\/#website\",\"url\":\"https:\/\/www.vpace.de\/blog\/\",\"name\":\"VPACE Bikes\",\"description\":\"Ride Unique!\",\"publisher\":{\"@id\":\"https:\/\/www.vpace.de\/blog\/#organization\"},\"potentialAction\":[{\"@type\":\"SearchAction\",\"target\":{\"@type\":\"EntryPoint\",\"urlTemplate\":\"https:\/\/www.vpace.de\/blog\/?s={search_term_string}\"},\"query-input\":\"required name=search_term_string\"}],\"inLanguage\":\"de\"},{\"@type\":\"ImageObject\",\"inLanguage\":\"de\",\"@id\":\"https:\/\/www.vpace.de\/blog\/t1st-speedtraveller-titan-randonneur\/#primaryimage\",\"url\":\"https:\/\/www.vpace.de\/blog\/wp-content\/uploads\/2014\/04\/vpace_T1ST-Titan-Randonneur_ISP-1.jpg\",\"contentUrl\":\"https:\/\/www.vpace.de\/blog\/wp-content\/uploads\/2014\/04\/vpace_T1ST-Titan-Randonneur_ISP-1.jpg\",\"width\":1600,\"height\":1000},{\"@type\":\"WebPage\",\"@id\":\"https:\/\/www.vpace.de\/blog\/t1st-speedtraveller-titan-randonneur\/\",\"url\":\"https:\/\/www.vpace.de\/blog\/t1st-speedtraveller-titan-randonneur\/\",\"name\":\"T1ST Speedtraveller - Disc Road-Cross Titan Randonneur - VPACE Bikes | Rahmen aus Carbon und Titan\",\"isPartOf\":{\"@id\":\"https:\/\/www.vpace.de\/blog\/#website\"},\"primaryImageOfPage\":{\"@id\":\"https:\/\/www.vpace.de\/blog\/t1st-speedtraveller-titan-randonneur\/#primaryimage\"},\"datePublished\":\"2013-01-02T13:17:35+00:00\",\"dateModified\":\"2021-12-09T11:36:29+00:00\",\"description\":\"T1ST Speedtraveller - Der vielseitigste Rahmen in der VPACE Familie. Als Cyclocross, zum winterlichen Stra\u00dfentraining oder als Titan Randonneur.\",\"breadcrumb\":{\"@id\":\"https:\/\/www.vpace.de\/blog\/t1st-speedtraveller-titan-randonneur\/#breadcrumb\"},\"inLanguage\":\"de\",\"potentialAction\":[{\"@type\":\"ReadAction\",\"target\":[\"https:\/\/www.vpace.de\/blog\/t1st-speedtraveller-titan-randonneur\/\"]}]},{\"@type\":\"BreadcrumbList\",\"@id\":\"https:\/\/www.vpace.de\/blog\/t1st-speedtraveller-titan-randonneur\/#breadcrumb\",\"itemListElement\":[{\"@type\":\"ListItem\",\"position\":1,\"name\":\"Home\",\"item\":\"https:\/\/www.vpace.de\/blog\/\"},{\"@type\":\"ListItem\",\"position\":2,\"name\":\"T1ST &#8211; Disc Titan Randonneur\"}]}]}<\/script>\n<!-- \/ Yoast SEO plugin. -->","yoast_head_json":{"title":"T1ST Speedtraveller - Disc Road-Cross Titan Randonneur - VPACE Bikes | Rahmen aus Carbon und Titan","description":"T1ST Speedtraveller - Der vielseitigste Rahmen in der VPACE Familie. Als Cyclocross, zum winterlichen Stra\u00dfentraining oder als Titan Randonneur.","robots":{"index":"index","follow":"follow","max-snippet":"max-snippet:-1","max-image-preview":"max-image-preview:large","max-video-preview":"max-video-preview:-1"},"canonical":"https:\/\/www.vpace.de\/blog\/t1st-speedtraveller-titan-randonneur\/","twitter_misc":{"Gesch\u00e4tzte Lesezeit":"2\u00a0Minuten"},"schema":{"@context":"https:\/\/schema.org","@graph":[{"@type":"Organization","@id":"https:\/\/www.vpace.de\/blog\/#organization","name":"VPACE Bikes","url":"https:\/\/www.vpace.de\/blog\/","sameAs":["https:\/\/instagram.com\/vpacebikes\/","https:\/\/www.linkedin.com\/company\/9260374","https:\/\/www.pinterest.com\/vpacebikes\/","http:\/\/www.facebook.com\/vpacebikes","https:\/\/twitter.com\/vpacebikes"],"logo":{"@type":"ImageObject","inLanguage":"de","@id":"https:\/\/www.vpace.de\/blog\/#\/schema\/logo\/image\/","url":"https:\/\/www.vpace.de\/blog\/wp-content\/uploads\/2013\/11\/VPACE-Logo-redV.png","contentUrl":"https:\/\/www.vpace.de\/blog\/wp-content\/uploads\/2013\/11\/VPACE-Logo-redV.png","width":1959,"height":336,"caption":"VPACE Bikes"},"image":{"@id":"https:\/\/www.vpace.de\/blog\/#\/schema\/logo\/image\/"}},{"@type":"WebSite","@id":"https:\/\/www.vpace.de\/blog\/#website","url":"https:\/\/www.vpace.de\/blog\/","name":"VPACE Bikes","description":"Ride Unique!","publisher":{"@id":"https:\/\/www.vpace.de\/blog\/#organization"},"potentialAction":[{"@type":"SearchAction","target":{"@type":"EntryPoint","urlTemplate":"https:\/\/www.vpace.de\/blog\/?s={search_term_string}"},"query-input":"required name=search_term_string"}],"inLanguage":"de"},{"@type":"ImageObject","inLanguage":"de","@id":"https:\/\/www.vpace.de\/blog\/t1st-speedtraveller-titan-randonneur\/#primaryimage","url":"https:\/\/www.vpace.de\/blog\/wp-content\/uploads\/2014\/04\/vpace_T1ST-Titan-Randonneur_ISP-1.jpg","contentUrl":"https:\/\/www.vpace.de\/blog\/wp-content\/uploads\/2014\/04\/vpace_T1ST-Titan-Randonneur_ISP-1.jpg","width":1600,"height":1000},{"@type":"WebPage","@id":"https:\/\/www.vpace.de\/blog\/t1st-speedtraveller-titan-randonneur\/","url":"https:\/\/www.vpace.de\/blog\/t1st-speedtraveller-titan-randonneur\/","name":"T1ST Speedtraveller - Disc Road-Cross Titan Randonneur - VPACE Bikes | Rahmen aus Carbon und Titan","isPartOf":{"@id":"https:\/\/www.vpace.de\/blog\/#website"},"primaryImageOfPage":{"@id":"https:\/\/www.vpace.de\/blog\/t1st-speedtraveller-titan-randonneur\/#primaryimage"},"datePublished":"2013-01-02T13:17:35+00:00","dateModified":"2021-12-09T11:36:29+00:00","description":"T1ST Speedtraveller - Der vielseitigste Rahmen in der VPACE Familie. Als Cyclocross, zum winterlichen Stra\u00dfentraining oder als Titan Randonneur.","breadcrumb":{"@id":"https:\/\/www.vpace.de\/blog\/t1st-speedtraveller-titan-randonneur\/#breadcrumb"},"inLanguage":"de","potentialAction":[{"@type":"ReadAction","target":["https:\/\/www.vpace.de\/blog\/t1st-speedtraveller-titan-randonneur\/"]}]},{"@type":"BreadcrumbList","@id":"https:\/\/www.vpace.de\/blog\/t1st-speedtraveller-titan-randonneur\/#breadcrumb","itemListElement":[{"@type":"ListItem","position":1,"name":"Home","item":"https:\/\/www.vpace.de\/blog\/"},{"@type":"ListItem","position":2,"name":"T1ST &#8211; Disc Titan Randonneur"}]}]}},"_links":{"self":[{"href":"https:\/\/www.vpace.de\/blog\/wp-json\/wp\/v2\/pages\/1453"}],"collection":[{"href":"https:\/\/www.vpace.de\/blog\/wp-json\/wp\/v2\/pages"}],"about":[{"href":"https:\/\/www.vpace.de\/blog\/wp-json\/wp\/v2\/types\/page"}],"author":[{"embeddable":true,"href":"https:\/\/www.vpace.de\/blog\/wp-json\/wp\/v2\/users\/1"}],"replies":[{"embeddable":true,"href":"https:\/\/www.vpace.de\/blog\/wp-json\/wp\/v2\/comments?post=1453"}],"version-history":[{"count":124,"href":"https:\/\/www.vpace.de\/blog\/wp-json\/wp\/v2\/pages\/1453\/revisions"}],"predecessor-version":[{"id":12472,"href":"https:\/\/www.vpace.de\/blog\/wp-json\/wp\/v2\/pages\/1453\/revisions\/12472"}],"wp:attachment":[{"href":"https:\/\/www.vpace.de\/blog\/wp-json\/wp\/v2\/media?parent=1453"}],"curies":[{"name":"wp","href":"https:\/\/api.w.org\/{rel}","templated":true}]}}